{"id":69,"date":"2025-05-05T09:24:27","date_gmt":"2025-05-05T09:24:27","guid":{"rendered":"https:\/\/kirkjubaer.com\/?page_id=69"},"modified":"2025-11-14T12:06:01","modified_gmt":"2025-11-14T12:06:01","slug":"location","status":"publish","type":"page","link":"https:\/\/kirkjubaer.com\/is\/location\/","title":{"rendered":"Sta\u00f0setning"},"content":{"rendered":"<div data-elementor-type=\"wp-page\" data-elementor-id=\"69\" class=\"elementor elementor-69\">\n\t\t\t\t<div class=\"elementor-element elementor-element-5e75aee7 e-con-full e-flex e-con e-parent\" data-id=\"5e75aee7\" data-element_type=\"container\" data-e-type=\"container\" data-settings=\"{&quot;background_background&quot;:&quot;classic&quot;}\">\n\t\t\t\t<div class=\"elementor-element elementor-element-36cdc92d elementor-widget-tablet__width-initial elementor-widget elementor-widget-image\" data-id=\"36cdc92d\" data-element_type=\"widget\" data-e-type=\"widget\" data-widget_type=\"image.default\">\n\t\t\t\t<div class=\"elementor-widget-container\">\n\t\t\t\t\t\t\t\t\t\t\t\t\t\t\t<img fetchpriority=\"high\" decoding=\"async\" width=\"640\" height=\"377\" src=\"https:\/\/kirkjubaer.com\/wp-content\/uploads\/2025\/05\/OverviewKirkjubaerCampingIMG_6518.jpg\" class=\"attachment-large size-large wp-image-56\" alt=\"Kirkjub\u00e6r II Camping Location\" srcset=\"https:\/\/kirkjubaer.com\/wp-content\/uploads\/2025\/05\/OverviewKirkjubaerCampingIMG_6518.jpg 640w, https:\/\/kirkjubaer.com\/wp-content\/uploads\/2025\/05\/OverviewKirkjubaerCampingIMG_6518-300x177.jpg 300w\" sizes=\"(max-width: 640px) 100vw, 640px\" \/>\t\t\t\t\t\t\t\t\t\t\t\t\t\t\t<\/div>\n\t\t\t\t<\/div>\n\t\t<div class=\"elementor-element elementor-element-36252e22 e-con-full e-flex e-con e-child\" data-id=\"36252e22\" data-element_type=\"container\" data-e-type=\"container\" data-settings=\"{&quot;background_background&quot;:&quot;classic&quot;}\">\n\t\t\t\t<div class=\"elementor-element elementor-element-63227c27 elementor-widget elementor-widget-heading\" data-id=\"63227c27\" data-element_type=\"widget\" data-e-type=\"widget\" data-widget_type=\"heading.default\">\n\t\t\t\t<div class=\"elementor-widget-container\">\n\t\t\t\t\t<h1 class=\"elementor-heading-title elementor-size-default\">Sta\u00f0setningin okkar<\/h1>\t\t\t\t<\/div>\n\t\t\t\t<\/div>\n\t\t\t\t<div class=\"elementor-element elementor-element-a04ab7 elementor-widget-mobile__width-inherit elementor-widget__width-initial elementor-widget elementor-widget-text-editor\" data-id=\"a04ab7\" data-element_type=\"widget\" data-e-type=\"widget\" data-widget_type=\"text-editor.default\">\n\t\t\t\t<div class=\"elementor-widget-container\">\n\t\t\t\t\t\t\t\t\t<p>Heimilisfang: Kirkjub\u00e6r II, 880 Kirkjub\u00e6jarklaustur<br \/>Google Kort: <a href=\"https:\/\/maps.app.goo.gl\/p7nr6u2pxPbov8oP9\" target=\"_blank\" rel=\"noopener\">Tjaldst\u00e6\u00f0i\u00f0 Kirkjub\u00e6r II, sm\u00e1h\u00fdsi og tjaldsv\u00e6\u00f0i<\/a><br \/>GPS: N 63 47,507 W 018 02,887<br \/>Hva\u00f0 kostar: <a href=\"\/is\/prices\/\">Ver\u00f0<\/a><br \/>Hva\u00f0 er h\u00e6gt a\u00f0 gera: <a href=\"\/is\/surroundings\/\">Umhverfi<\/a><\/p>\t\t\t\t\t\t\t\t<\/div>\n\t\t\t\t<\/div>\n\t\t\t\t<\/div>\n\t\t\t\t<\/div>\n\t\t<div class=\"elementor-element elementor-element-35b95d5 e-flex e-con-boxed e-con e-parent\" data-id=\"35b95d5\" data-element_type=\"container\" data-e-type=\"container\" data-settings=\"{&quot;background_background&quot;:&quot;classic&quot;}\">\n\t\t\t\t\t<div class=\"e-con-inner\">\n\t\t\t\t<div class=\"elementor-element elementor-element-28b381c elementor-widget elementor-widget-spacer\" data-id=\"28b381c\" data-element_type=\"widget\" data-e-type=\"widget\" data-widget_type=\"spacer.default\">\n\t\t\t\t<div class=\"elementor-widget-container\">\n\t\t\t\t\t\t\t<div class=\"elementor-spacer\">\n\t\t\t<div class=\"elementor-spacer-inner\"><\/div>\n\t\t<\/div>\n\t\t\t\t\t\t<\/div>\n\t\t\t\t<\/div>\n\t\t\t\t<div class=\"elementor-element elementor-element-6fc0059 elementor-widget elementor-widget-heading\" data-id=\"6fc0059\" data-element_type=\"widget\" data-e-type=\"widget\" data-widget_type=\"heading.default\">\n\t\t\t\t<div class=\"elementor-widget-container\">\n\t\t\t\t\t<h2 class=\"elementor-heading-title elementor-size-default\">Vegalengdir<\/h2>\t\t\t\t<\/div>\n\t\t\t\t<\/div>\n\t\t\t\t<div class=\"elementor-element elementor-element-d9b6a4c elementor-icon-list--layout-traditional elementor-list-item-link-full_width elementor-widget elementor-widget-icon-list\" data-id=\"d9b6a4c\" data-element_type=\"widget\" data-e-type=\"widget\" data-widget_type=\"icon-list.default\">\n\t\t\t\t<div class=\"elementor-widget-container\">\n\t\t\t\t\t\t\t<ul class=\"elementor-icon-list-items\">\n\t\t\t\t\t\t\t<li class=\"elementor-icon-list-item\">\n\t\t\t\t\t\t\t\t\t\t\t<span class=\"elementor-icon-list-icon\">\n\t\t\t\t\t\t\t<svg aria-hidden=\"true\" class=\"e-font-icon-svg e-fas-check\" viewbox=\"0 0 512 512\" xmlns=\"http:\/\/www.w3.org\/2000\/svg\"><path d=\"M173.898 439.404l-166.4-166.4c-9.997-9.997-9.997-26.206 0-36.204l36.203-36.204c9.997-9.998 26.207-9.998 36.204 0L192 312.69 432.095 72.596c9.997-9.997 26.207-9.997 36.204 0l36.203 36.204c9.997 9.997 9.997 26.206 0 36.204l-294.4 294.401c-9.998 9.997-26.207 9.997-36.204-.001z\"><\/path><\/svg>\t\t\t\t\t\t<\/span>\n\t\t\t\t\t\t\t\t\t\t<span class=\"elementor-icon-list-text\">Reykjav\u00edk - Kirkjub\u00e6jarklaustur 250 km <\/span>\n\t\t\t\t\t\t\t\t\t<\/li>\n\t\t\t\t\t\t\t\t<li class=\"elementor-icon-list-item\">\n\t\t\t\t\t\t\t\t\t\t\t<span class=\"elementor-icon-list-icon\">\n\t\t\t\t\t\t\t<svg aria-hidden=\"true\" class=\"e-font-icon-svg e-fas-check\" viewbox=\"0 0 512 512\" xmlns=\"http:\/\/www.w3.org\/2000\/svg\"><path d=\"M173.898 439.404l-166.4-166.4c-9.997-9.997-9.997-26.206 0-36.204l36.203-36.204c9.997-9.998 26.207-9.998 36.204 0L192 312.69 432.095 72.596c9.997-9.997 26.207-9.997 36.204 0l36.203 36.204c9.997 9.997 9.997 26.206 0 36.204l-294.4 294.401c-9.998 9.997-26.207 9.997-36.204-.001z\"><\/path><\/svg>\t\t\t\t\t\t<\/span>\n\t\t\t\t\t\t\t\t\t\t<span class=\"elementor-icon-list-text\">V\u00edk - Kirkjub\u00e6jarklaustur 70 km <\/span>\n\t\t\t\t\t\t\t\t\t<\/li>\n\t\t\t\t\t\t\t\t<li class=\"elementor-icon-list-item\">\n\t\t\t\t\t\t\t\t\t\t\t<span class=\"elementor-icon-list-icon\">\n\t\t\t\t\t\t\t<svg aria-hidden=\"true\" class=\"e-font-icon-svg e-fas-check\" viewbox=\"0 0 512 512\" xmlns=\"http:\/\/www.w3.org\/2000\/svg\"><path d=\"M173.898 439.404l-166.4-166.4c-9.997-9.997-9.997-26.206 0-36.204l36.203-36.204c9.997-9.998 26.207-9.998 36.204 0L192 312.69 432.095 72.596c9.997-9.997 26.207-9.997 36.204 0l36.203 36.204c9.997 9.997 9.997 26.206 0 36.204l-294.4 294.401c-9.998 9.997-26.207 9.997-36.204-.001z\"><\/path><\/svg>\t\t\t\t\t\t<\/span>\n\t\t\t\t\t\t\t\t\t\t<span class=\"elementor-icon-list-text\">Fellsfjara \/ J\u00f6kuls\u00e1rl\u00f3n - Kirkjub\u00e6jarklaustur 120 km <\/span>\n\t\t\t\t\t\t\t\t\t<\/li>\n\t\t\t\t\t\t\t\t<li class=\"elementor-icon-list-item\">\n\t\t\t\t\t\t\t\t\t\t\t<span class=\"elementor-icon-list-icon\">\n\t\t\t\t\t\t\t<svg aria-hidden=\"true\" class=\"e-font-icon-svg e-fas-check\" viewbox=\"0 0 512 512\" xmlns=\"http:\/\/www.w3.org\/2000\/svg\"><path d=\"M173.898 439.404l-166.4-166.4c-9.997-9.997-9.997-26.206 0-36.204l36.203-36.204c9.997-9.998 26.207-9.998 36.204 0L192 312.69 432.095 72.596c9.997-9.997 26.207-9.997 36.204 0l36.203 36.204c9.997 9.997 9.997 26.206 0 36.204l-294.4 294.401c-9.998 9.997-26.207 9.997-36.204-.001z\"><\/path><\/svg>\t\t\t\t\t\t<\/span>\n\t\t\t\t\t\t\t\t\t\t<span class=\"elementor-icon-list-text\">H\u00f6fn - Kirkjub\u00e6jarklaustur 200 km<\/span>\n\t\t\t\t\t\t\t\t\t<\/li>\n\t\t\t\t\t\t<\/ul>\n\t\t\t\t\t\t<\/div>\n\t\t\t\t<\/div>\n\t\t\t\t\t<\/div>\n\t\t\t\t<\/div>\n\t\t<div class=\"elementor-element elementor-element-9e3ce28 e-flex e-con-boxed e-con e-parent\" data-id=\"9e3ce28\" data-element_type=\"container\" data-e-type=\"container\" data-settings=\"{&quot;background_background&quot;:&quot;classic&quot;}\">\n\t\t\t\t\t<div class=\"e-con-inner\">\n\t\t\t\t<div class=\"elementor-element elementor-element-9a91833 elementor-widget elementor-widget-spacer\" data-id=\"9a91833\" data-element_type=\"widget\" data-e-type=\"widget\" data-widget_type=\"spacer.default\">\n\t\t\t\t<div class=\"elementor-widget-container\">\n\t\t\t\t\t\t\t<div class=\"elementor-spacer\">\n\t\t\t<div class=\"elementor-spacer-inner\"><\/div>\n\t\t<\/div>\n\t\t\t\t\t\t<\/div>\n\t\t\t\t<\/div>\n\t\t\t\t<div class=\"elementor-element elementor-element-afc39d5 elementor-widget elementor-widget-heading\" data-id=\"afc39d5\" data-element_type=\"widget\" data-e-type=\"widget\" data-widget_type=\"heading.default\">\n\t\t\t\t<div class=\"elementor-widget-container\">\n\t\t\t\t\t<h2 class=\"elementor-heading-title elementor-size-default\">Lei\u00f0beiningar fr\u00e1 Reykjav\u00edk<\/h2>\t\t\t\t<\/div>\n\t\t\t\t<\/div>\n\t\t\t\t<div class=\"elementor-element elementor-element-9017f14 elementor-widget elementor-widget-text-editor\" data-id=\"9017f14\" data-element_type=\"widget\" data-e-type=\"widget\" data-widget_type=\"text-editor.default\">\n\t\t\t\t<div class=\"elementor-widget-container\">\n\t\t\t\t\t\t\t\t\t<p>Fr\u00e1 Reykjav\u00edk til Kirkjub\u00e6jarklausturs er eki\u00f0 250 km eftir \u00fej\u00f3\u00f0vegi 1. Vi\u00f0 Kirkjub\u00e6jarklaustur er eki\u00f0 inn \u00e1 hringtorg og \u00fat \u00far \u00fev\u00ed \u00e1 \u00feri\u00f0ju afrein, inn \u00e1 veg 205 Klausturveg. Aki\u00f0 \u00ed 600 m og beygi\u00f0 upp til h\u00e6gri \u00e1\u00f0ur en komi\u00f0 er a\u00f0 V\u00ednb\u00fa\u00f0inni.\u00a0<\/p>\t\t\t\t\t\t\t\t<\/div>\n\t\t\t\t<\/div>\n\t\t\t\t\t<\/div>\n\t\t\t\t<\/div>\n\t\t<div class=\"elementor-element elementor-element-d888169 e-flex e-con-boxed e-con e-parent\" data-id=\"d888169\" data-element_type=\"container\" data-e-type=\"container\" data-settings=\"{&quot;background_background&quot;:&quot;classic&quot;}\">\n\t\t\t\t\t<div class=\"e-con-inner\">\n\t\t\t\t<div class=\"elementor-element elementor-element-8b92f83 elementor-widget elementor-widget-heading\" data-id=\"8b92f83\" data-element_type=\"widget\" data-e-type=\"widget\" data-widget_type=\"heading.default\">\n\t\t\t\t<div class=\"elementor-widget-container\">\n\t\t\t\t\t<h2 class=\"elementor-heading-title elementor-size-default\">Lei\u00f0beiningar fr\u00e1 H\u00f6fn<\/h2>\t\t\t\t<\/div>\n\t\t\t\t<\/div>\n\t\t\t\t<div class=\"elementor-element elementor-element-4fa7ec3 elementor-widget elementor-widget-text-editor\" data-id=\"4fa7ec3\" data-element_type=\"widget\" data-e-type=\"widget\" data-widget_type=\"text-editor.default\">\n\t\t\t\t<div class=\"elementor-widget-container\">\n\t\t\t\t\t\t\t\t\t<p>Fr\u00e1 H\u00f6fn til Kirkjub\u00e6jarklausturs er eki\u00f0 200 km eftir \u00fej\u00f3\u00f0vegi 1. Vi\u00f0 Kirkjub\u00e6jarklaustur er eki\u00f0 inn \u00e1 hringtorg og \u00fat \u00far \u00fev\u00ed \u00e1 annarri afrein, inn \u00e1 veg 205 Klausturveg. Aki\u00f0 \u00ed 600 og beygi\u00f0 upp til h\u00e6gri \u00e1\u00f0ur en komi\u00f0 er a\u00f0 V\u00ednb\u00fa\u00f0inni.<\/p>\t\t\t\t\t\t\t\t<\/div>\n\t\t\t\t<\/div>\n\t\t\t\t\t<\/div>\n\t\t\t\t<\/div>\n\t\t<div class=\"elementor-element elementor-element-05c65b6 e-flex e-con-boxed e-con e-parent\" data-id=\"05c65b6\" data-element_type=\"container\" data-e-type=\"container\" data-settings=\"{&quot;background_background&quot;:&quot;classic&quot;}\">\n\t\t\t\t\t<div class=\"e-con-inner\">\n\t\t\t\t<div class=\"elementor-element elementor-element-db6114a elementor-widget elementor-widget-heading\" data-id=\"db6114a\" data-element_type=\"widget\" data-e-type=\"widget\" data-widget_type=\"heading.default\">\n\t\t\t\t<div class=\"elementor-widget-container\">\n\t\t\t\t\t<h2 class=\"elementor-heading-title elementor-size-default\">Kirkjub\u00e6jarklaustur <\/h2>\t\t\t\t<\/div>\n\t\t\t\t<\/div>\n\t\t\t\t<div class=\"elementor-element elementor-element-b8faeec elementor-widget elementor-widget-text-editor\" data-id=\"b8faeec\" data-element_type=\"widget\" data-e-type=\"widget\" data-widget_type=\"text-editor.default\">\n\t\t\t\t<div class=\"elementor-widget-container\">\n\t\t\t\t\t\t\t\t\t<p>Tjaldsv\u00e6\u00f0i\u00f0 Kirkjub\u00e6r II er inni \u00ed \u00feorpinu Kirkjub\u00e6jarklaustri, vi\u00f0 hringveginn mitt \u00e1 milli Reykjav\u00edkur og Hafnar \u00ed Hornafir\u00f0i. Tjaldsv\u00e6\u00f0i Kirkjub\u00e6jar II er kj\u00f6rinn sta\u00f0ur til a\u00f0 sko\u00f0a: <a href=\"https:\/\/www.vatnajokulsthjodgardur.is\/en\" target=\"_blank\" rel=\"noopener\">Vatnaj\u00f6kuls\u00fej\u00f3\u00f0gar\u00f0<\/a>, <a href=\"https:\/\/www.vatnajokulsthjodgardur.is\/en\/areas\/skaftafell\" target=\"_blank\" rel=\"noopener\">Skaftafell<\/a>, <a href=\"https:\/\/www.south.is\/en\/place\/fjadrargljufur-canyon\" target=\"_blank\" rel=\"noopener\">Fja\u00f0r\u00e1rglj\u00fafur<\/a>, <a href=\"https:\/\/www.south.is\/en\/place\/skaftareldahraun-lava-field\" target=\"_blank\" rel=\"noopener\">Skaft\u00e1reldahraun (Eldhraun)<\/a> og marga  fleiri \u00e1hugaver\u00f0a sta\u00f0i \u00ed n\u00e1grenninu.<\/p><p>\u00c1 Kirkjub\u00e6jarklaustri, e\u00f0a Klaustri eins og \u00fea\u00f0 er oftast kalla\u00f0, m\u00e1 finna \u00fej\u00f3nustu fyrir fer\u00f0amenn. \u00deeir sem vilja f\u00e1 s\u00e9r eitthva\u00f0 a\u00f0 bor\u00f0a geta fari\u00f0 \u00e1 veitingasta\u00f0ina Kjarr, Systrakaffi, H\u00f3tel Klaustur e\u00f0a Skaft\u00e1rsk\u00e1la. \u00c1 Klaustri er sundlaug, verslun, v\u00ednb\u00fa\u00f0, heilsug\u00e6slust\u00f6\u00f0 og ap\u00f3tek, b\u00edlaverkst\u00e6\u00f0i og bens\u00ednst\u00f6\u00f0var.<\/p><p><a href=\"https:\/\/www.vatnajokulsthjodgardur.is\/en\/areas\/lakagigar\/skaftarstofa1\" target=\"_blank\" rel=\"noopener\">Skaft\u00e1rstofa, gestastofa Vatnaj\u00f6kuls\u00fej\u00f3\u00f0gar\u00f0s<\/a> er 2 km fr\u00e1 Kirkjub\u00e6jarklaustri vi\u00f0 \u00fej\u00f3\u00f0veg 1. \u00dear er s\u00fdning sem segir fr\u00e1 Skaft\u00e1reldum og fleiru merkilegu \u00ed n\u00e1grenninu. Starfsmenn \u00e1 Skaft\u00e1rstofu veita uppl\u00fdsingar um f\u00e6r\u00f0 \u00e1 vegum og lei\u00f0beina f\u00f3lki sem vill fara um fjallvegi. Og \u00e1 Skaft\u00e1rstofu eru almenningssalerni opin allan s\u00f3larhringinn. Vi\u00f0 bi\u00f0jum fer\u00f0amenn um a\u00f0 nota ekki a\u00f0st\u00f6\u00f0una \u00e1 tjaldsv\u00e6\u00f0inu okkar nema \u00fe\u00fa s\u00e9rt gestur sem gistir yfir n\u00f3tt \u00e1 <a href=\"\/is\/camping\/\">Tjaldsv\u00e6\u00f0i\u00f0<\/a> e\u00f0a leigir <a href=\"\/is\/cottages\/\">sm\u00e1h\u00fdsi<\/a>.\u00a0<\/p><p>N\u00e1nari uppl\u00fdsingar hva\u00f0a \u00fej\u00f3nustu m\u00e1 finna \u00e1 Klaustri er \u00e1 s\u00ed\u00f0unni <a href=\"\/is\/surroundings\/\">Umhverfi<\/a>.\u00a0<\/p>\t\t\t\t\t\t\t\t<\/div>\n\t\t\t\t<\/div>\n\t\t\t\t\t<\/div>\n\t\t\t\t<\/div>\n\t\t<div class=\"elementor-element elementor-element-09b77fe e-flex e-con-boxed e-con e-parent\" data-id=\"09b77fe\" data-element_type=\"container\" data-e-type=\"container\" data-settings=\"{&quot;background_background&quot;:&quot;classic&quot;}\">\n\t\t\t\t\t<div class=\"e-con-inner\">\n\t\t\t\t<div class=\"elementor-element elementor-element-13a44a9 elementor-widget elementor-widget-heading\" data-id=\"13a44a9\" data-element_type=\"widget\" data-e-type=\"widget\" data-widget_type=\"heading.default\">\n\t\t\t\t<div class=\"elementor-widget-container\">\n\t\t\t\t\t<h2 class=\"elementor-heading-title elementor-size-default\">Um okkur<\/h2>\t\t\t\t<\/div>\n\t\t\t\t<\/div>\n\t\t\t\t<div class=\"elementor-element elementor-element-fc4c8fc elementor-widget elementor-widget-text-editor\" data-id=\"fc4c8fc\" data-element_type=\"widget\" data-e-type=\"widget\" data-widget_type=\"text-editor.default\">\n\t\t\t\t<div class=\"elementor-widget-container\">\n\t\t\t\t\t\t\t\t\t<p>\u00a0Kirkjub\u00e6r II <a href=\"\/is\/camping\/\">tjaldsv\u00e6\u00f0i\u00f0<\/a> og <a href=\"\/is\/cottages\/\">sm\u00e1h\u00fdsin<\/a> er fj\u00f6lskyldureki\u00f0 tjaldsv\u00e6\u00f0i \u00ed Kirkjub\u00e6jarklaustri.\u00a0<\/p><p>Tjaldsv\u00e6\u00f0i\u00f0 Kirkjub\u00e6r II h\u00f3f starfsemi \u00e1ri\u00f0 1994. \u00dea\u00f0 voru hj\u00f3nin \u00d3l\u00f6f Benediktsd\u00f3ttir og L\u00e1rus Siggeirsson sem h\u00f3fu reksturinn og fengu mikinn stu\u00f0ning fr\u00e1 fj\u00f6lskyldu sinni.<\/p><p>Sonur \u00feeirra, Benedikt L\u00e1russon, bygg\u00f0i upp me\u00f0 foreldrum s\u00ednum og t\u00f3k svo vi\u00f0 rekstrinum \u00e1ri\u00f0 2009 og rekur tjaldsv\u00e6\u00f0i\u00f0 \u00ed dag. Upphaflega var \u00feetta eing\u00f6ngu  tjaldsv\u00e6\u00f0i, en s\u00ed\u00f0ar var b\u00e6tt vi\u00f0 sm\u00e1h\u00fdsum til a\u00f0 koma til m\u00f3ts vi\u00f0 gesti sem vilja nj\u00f3ta \u00feess a\u00f0 vera \u00e1 tjaldsv\u00e6\u00f0i en \u00f3ska eftir a\u00f0eins betri a\u00f0st\u00f6\u00f0u en a\u00f0 sofa \u00ed tjaldi.<\/p><p>\u00c1 fyrstu \u00e1runum var tjaldsv\u00e6\u00f0i\u00f0 a\u00f0eins opi\u00f0 \u00e1 sumrin en me\u00f0 fj\u00f6lgun fer\u00f0amanna hefur starfsemin breyst og n\u00fa er opi\u00f0 st\u00e6rstan hluta \u00e1rsins, a\u00f0eins loka\u00f0 yfir k\u00f6ldustu vetrarm\u00e1nu\u00f0ina st\u00fdrist opnunart\u00edminn a\u00f0 hluta til af ve\u00f0urfari.<\/p><p>Fj\u00f6lskyldan rekur einnig <a href=\"https:\/\/www.kjarrrestaurant.is\/\" target=\"_blank\" rel=\"noopener\">Kjarr veitingah\u00fas<\/a>sem er l\u00edtill veitingasta\u00f0ur vi\u00f0 Systrafoss sem opna\u00f0i sumari\u00f0 2022. \u00c1 matse\u00f0linum er a\u00f0 finna r\u00e9tti eins og nautakj\u00f6t, pastar\u00e9tti, bleikju, gr\u00e6nmetisr\u00e9tti og lambakj\u00f6t. \u00cd Skaft\u00e1rhreppi hefur f\u00f3lk lengi lifa\u00f0 af sau\u00f0fj\u00e1rb\u00faskap og \u00fev\u00ed er lambakj\u00f6t mikilv\u00e6gur r\u00e9ttur \u00e1 \u00feessu dreifb\u00fdla sv\u00e6\u00f0i.<\/p>\t\t\t\t\t\t\t\t<\/div>\n\t\t\t\t<\/div>\n\t\t\t\t\t<\/div>\n\t\t\t\t<\/div>\n\t\t<div class=\"elementor-element elementor-element-457c2ca5 e-con-full e-flex e-con e-parent\" data-id=\"457c2ca5\" data-element_type=\"container\" data-e-type=\"container\" data-settings=\"{&quot;background_background&quot;:&quot;classic&quot;}\">\n\t\t\t\t<div class=\"elementor-element elementor-element-19825238 elementor-widget elementor-widget-heading\" data-id=\"19825238\" data-element_type=\"widget\" data-e-type=\"widget\" data-widget_type=\"heading.default\">\n\t\t\t\t<div class=\"elementor-widget-container\">\n\t\t\t\t\t<h2 class=\"elementor-heading-title elementor-size-default\">Umhverfis Kirkjub\u00e6jarklaustur<\/h2>\t\t\t\t<\/div>\n\t\t\t\t<\/div>\n\t\t\t\t<div class=\"elementor-element elementor-element-3d5e24fd elementor-widget__width-initial elementor-widget elementor-widget-text-editor\" data-id=\"3d5e24fd\" data-element_type=\"widget\" data-e-type=\"widget\" data-widget_type=\"text-editor.default\">\n\t\t\t\t<div class=\"elementor-widget-container\">\n\t\t\t\t\t\t\t\t\t<p>Kirkjub\u00e6jarklaustur er fr\u00e1b\u00e6r sta\u00f0setning til a\u00f0 sko\u00f0a Vatnaj\u00f6kuls\u00fej\u00f3\u00f0gar\u00f0, K\u00f6tlu UNESCO jar\u00f0vang, Fja\u00f0r\u00e1rglj\u00fafur, Skaft\u00e1reldahraun, L\u00f3magn\u00fap og margt fleira.<\/p>\t\t\t\t\t\t\t\t<\/div>\n\t\t\t\t<\/div>\n\t\t\t\t<div class=\"elementor-element elementor-element-7613bc12 elementor-align-left elementor-widget elementor-widget-button\" data-id=\"7613bc12\" data-element_type=\"widget\" data-e-type=\"widget\" data-widget_type=\"button.default\">\n\t\t\t\t<div class=\"elementor-widget-container\">\n\t\t\t\t\t\t\t\t\t<div class=\"elementor-button-wrapper\">\n\t\t\t\t\t<a class=\"elementor-button elementor-button-link elementor-size-sm\" href=\"\/is\/surroundings\/\">\n\t\t\t\t\t\t<span class=\"elementor-button-content-wrapper\">\n\t\t\t\t\t\t\t\t\t<span class=\"elementor-button-text\">Sj\u00e1 Umhverfi<\/span>\n\t\t\t\t\t<\/span>\n\t\t\t\t\t<\/a>\n\t\t\t\t<\/div>\n\t\t\t\t\t\t\t\t<\/div>\n\t\t\t\t<\/div>\n\t\t\t\t<\/div>\n\t\t\t\t<\/div>","protected":false},"excerpt":{"rendered":"<p>Our Location Address: Kirkjub\u00e6r II, 880 Kirkjub\u00e6jarklausturGoogle Maps: Tjaldst\u00e6\u00f0i\u00f0 Kirkjub\u00e6r II, cottages and campingGPS: N 63 47,507 W 018 02,887How [&hellip;]<\/p>\n","protected":false},"author":2,"featured_media":0,"parent":0,"menu_order":0,"comment_status":"closed","ping_status":"closed","template":"","meta":{"site-sidebar-layout":"no-sidebar","site-content-layout":"","ast-site-content-layout":"full-width-container","site-content-style":"default","site-sidebar-style":"default","ast-global-header-display":"","ast-banner-title-visibility":"","ast-main-header-display":"","ast-hfb-above-header-display":"","ast-hfb-below-header-display":"","ast-hfb-mobile-header-display":"","site-post-title":"disabled","ast-breadcrumbs-content":"","ast-featured-img":"disabled","footer-sml-layout":"","theme-transparent-header-meta":"","adv-header-id-meta":"","stick-header-meta":"","header-above-stick-meta":"","header-main-stick-meta":"","header-below-stick-meta":"","astra-migrate-meta-layouts":"default","ast-page-background-enabled":"default","ast-page-background-meta":{"desktop":{"background-color":"var(--ast-global-color-5)","background-image":"","background-repeat":"repeat","background-position":"center center","background-size":"auto","background-attachment":"scroll","background-type":"","background-media":"","overlay-type":"","overlay-color":"","overlay-opacity":"","overlay-gradient":""},"tablet":{"background-color":"","background-image":"","background-repeat":"repeat","background-position":"center center","background-size":"auto","background-attachment":"scroll","background-type":"","background-media":"","overlay-type":"","overlay-color":"","overlay-opacity":"","overlay-gradient":""},"mobile":{"background-color":"","background-image":"","background-repeat":"repeat","background-position":"center center","background-size":"auto","background-attachment":"scroll","background-type":"","background-media":"","overlay-type":"","overlay-color":"","overlay-opacity":"","overlay-gradient":""}},"ast-content-background-meta":{"desktop":{"background-color":"var(--ast-global-color-4)","background-image":"","background-repeat":"repeat","background-position":"center center","background-size":"auto","background-attachment":"scroll","background-type":"","background-media":"","overlay-type":"","overlay-color":"","overlay-opacity":"","overlay-gradient":""},"tablet":{"background-color":"var(--ast-global-color-4)","background-image":"","background-repeat":"repeat","background-position":"center center","background-size":"auto","background-attachment":"scroll","background-type":"","background-media":"","overlay-type":"","overlay-color":"","overlay-opacity":"","overlay-gradient":""},"mobile":{"background-color":"var(--ast-global-color-4)","background-image":"","background-repeat":"repeat","background-position":"center center","background-size":"auto","background-attachment":"scroll","background-type":"","background-media":"","overlay-type":"","overlay-color":"","overlay-opacity":"","overlay-gradient":""}},"footnotes":""},"class_list":["post-69","page","type-page","status-publish","hentry"],"_links":{"self":[{"href":"https:\/\/kirkjubaer.com\/is\/wp-json\/wp\/v2\/pages\/69","targetHints":{"allow":["GET"]}}],"collection":[{"href":"https:\/\/kirkjubaer.com\/is\/wp-json\/wp\/v2\/pages"}],"about":[{"href":"https:\/\/kirkjubaer.com\/is\/wp-json\/wp\/v2\/types\/page"}],"author":[{"embeddable":true,"href":"https:\/\/kirkjubaer.com\/is\/wp-json\/wp\/v2\/users\/2"}],"replies":[{"embeddable":true,"href":"https:\/\/kirkjubaer.com\/is\/wp-json\/wp\/v2\/comments?post=69"}],"version-history":[{"count":112,"href":"https:\/\/kirkjubaer.com\/is\/wp-json\/wp\/v2\/pages\/69\/revisions"}],"predecessor-version":[{"id":1243,"href":"https:\/\/kirkjubaer.com\/is\/wp-json\/wp\/v2\/pages\/69\/revisions\/1243"}],"wp:attachment":[{"href":"https:\/\/kirkjubaer.com\/is\/wp-json\/wp\/v2\/media?parent=69"}],"curies":[{"name":"wp","href":"https:\/\/api.w.org\/{rel}","templated":true}]}}